{"id":2438,"date":"2026-04-14T12:21:24","date_gmt":"2026-04-14T11:21:24","guid":{"rendered":"https:\/\/www.agglomed.com\/?page_id=2438"},"modified":"2026-04-16T10:56:38","modified_gmt":"2026-04-16T09:56:38","slug":"masa-2026","status":"publish","type":"page","link":"https:\/\/www.agglomed.com\/?page_id=2438","title":{"rendered":"MASA 2026"},"content":{"rendered":"<p>[et_pb_section fb_built=\u00a0\u00bb1&Prime; _builder_version=\u00a0\u00bb4.27.6&Prime; _module_preset=\u00a0\u00bbdefault\u00a0\u00bb background_color=\u00a0\u00bb#efefef\u00a0\u00bb custom_padding=\u00a0\u00bb||0px|||\u00a0\u00bb global_colors_info=\u00a0\u00bb{}\u00a0\u00bb][et_pb_row _builder_version=\u00a0\u00bb4.27.6&Prime; _module_preset=\u00a0\u00bbdefault\u00a0\u00bb global_colors_info=\u00a0\u00bb{}\u00a0\u00bb][et_pb_column type=\u00a0\u00bb4_4&Prime; _builder_version=\u00a0\u00bb4.27.6&Prime; _module_preset=\u00a0\u00bbdefault\u00a0\u00bb global_colors_info=\u00a0\u00bb{}\u00a0\u00bb][et_pb_text _builder_version=\u00a0\u00bb4.27.6&Prime; _module_preset=\u00a0\u00bbdefault\u00a0\u00bb text_text_color=\u00a0\u00bb#FFFFFF\u00a0\u00bb text_font_size=\u00a0\u00bb37px\u00a0\u00bb text_line_height=\u00a0\u00bb1.2em\u00a0\u00bb positioning=\u00a0\u00bbabsolute\u00a0\u00bb vertical_offset=\u00a0\u00bb549px\u00a0\u00bb horizontal_offset=\u00a0\u00bb-2px\u00a0\u00bb text_orientation=\u00a0\u00bbcenter\u00a0\u00bb width=\u00a0\u00bb100%\u00a0\u00bb global_colors_info=\u00a0\u00bb{}\u00a0\u00bb]MASA 2026<br \/>\nLe march\u00e9 o\u00f9 se d\u00e9cide la sc\u00e8ne africaine[\/et_pb_text][et_pb_image src=\u00a0\u00bbhttp:\/\/www.agglomed.com\/wp-content\/uploads\/2026\/04\/Akwaba-Masa-26.png\u00a0\u00bb title_text=\u00a0\u00bbAkwaba-Masa-26&Prime; _builder_version=\u00a0\u00bb4.27.6&Prime; _module_preset=\u00a0\u00bbdefault\u00a0\u00bb global_colors_info=\u00a0\u00bb{}\u00a0\u00bb][\/et_pb_image][\/et_pb_column][\/et_pb_row][\/et_pb_section][et_pb_section fb_built=\u00a0\u00bb1&Prime; _builder_version=\u00a0\u00bb4.27.6&Prime; _module_preset=\u00a0\u00bbdefault\u00a0\u00bb global_colors_info=\u00a0\u00bb{}\u00a0\u00bb][et_pb_row column_structure=\u00a0\u00bb3_5,2_5&Prime; _builder_version=\u00a0\u00bb4.27.6&Prime; _module_preset=\u00a0\u00bbdefault\u00a0\u00bb global_colors_info=\u00a0\u00bb{}\u00a0\u00bb][et_pb_column type=\u00a0\u00bb3_5&Prime; _builder_version=\u00a0\u00bb4.27.6&Prime; _module_preset=\u00a0\u00bbdefault\u00a0\u00bb global_colors_info=\u00a0\u00bb{}\u00a0\u00bb][et_pb_image src=\u00a0\u00bbhttp:\/\/www.agglomed.com\/wp-content\/uploads\/2026\/04\/Masa-26.png\u00a0\u00bb title_text=\u00a0\u00bbMasa-26&Prime; _builder_version=\u00a0\u00bb4.27.6&Prime; _module_preset=\u00a0\u00bbdefault\u00a0\u00bb global_colors_info=\u00a0\u00bb{}\u00a0\u00bb][\/et_pb_image][et_pb_number_counter title=\u00a0\u00bbIndice d&rsquo;impact : 7,2\/10&Prime; number=\u00a0\u00bb72&Prime; _builder_version=\u00a0\u00bb4.27.6&Prime; _module_preset=\u00a0\u00bbdefault\u00a0\u00bb title_text_color=\u00a0\u00bb#E09900&Prime; number_text_color=\u00a0\u00bb#E09900&Prime; global_colors_info=\u00a0\u00bb{}\u00a0\u00bb][\/et_pb_number_counter][\/et_pb_column][et_pb_column type=\u00a0\u00bb2_5&Prime; _builder_version=\u00a0\u00bb4.27.6&Prime; _module_preset=\u00a0\u00bbdefault\u00a0\u00bb global_colors_info=\u00a0\u00bb{}\u00a0\u00bb][et_pb_text _builder_version=\u00a0\u00bb4.27.6&Prime; _module_preset=\u00a0\u00bbdefault\u00a0\u00bb text_text_color=\u00a0\u00bb#E09900&Prime; text_font_size=\u00a0\u00bb21px\u00a0\u00bb global_colors_info=\u00a0\u00bb{}\u00a0\u00bb]MASA 2026 : Le D\u00e9brief, autrement.[\/et_pb_text][et_pb_text _builder_version=\u00a0\u00bb4.27.6&Prime; _module_preset=\u00a0\u00bbdefault\u00a0\u00bb global_colors_info=\u00a0\u00bb{}\u00a0\u00bb]Du 11 au 18 avril 2026, Abidjan se transforme en une onde de choc artistique-culturelle. Pendant huit jours, le MASA 2026 transforme la capitale ivoirienne en l\u2019\u00e9picentre des arts du Spectacle vivants.<br \/>\nPlus de 800 artistes, 500 professionnels et des cohortes de m\u00e9dias s\u2019y croisent avec ce qui semble \u00eatre une mission commune : n\u00e9gocier l\u2019avenir culturel du continent africain. Ici, rien n\u2019est anodin ; tout est une proposition \u00e9conomique, un manifeste social, une affirmation identitaire. Derri\u00e8re les 300 repr\u00e9sentations et les centaines de milliers de spectateurs, se cache mal une v\u00e9ritable m\u00e9canique du march\u00e9 du spectacle et de l\u2019artisanat o\u00f9 se forgent les carri\u00e8res internationales.<br \/>\nD\u00e9cryptons ici, un syst\u00e8me\u2026[\/et_pb_text][et_pb_text _builder_version=\u00a0\u00bb4.27.6&Prime; _module_preset=\u00a0\u00bbdefault\u00a0\u00bb text_font_size=\u00a0\u00bb17px\u00a0\u00bb global_colors_info=\u00a0\u00bb{}\u00a0\u00bb]. Le plus<\/p>\n<p>. Le moins<\/p>\n<p>. Le radar[\/et_pb_text][\/et_pb_column][\/et_pb_row][et_pb_row _builder_version=\u00a0\u00bb4.27.6&Prime; _module_preset=\u00a0\u00bbdefault\u00a0\u00bb global_colors_info=\u00a0\u00bb{}\u00a0\u00bb][et_pb_column type=\u00a0\u00bb4_4&Prime; _builder_version=\u00a0\u00bb4.27.6&Prime; _module_preset=\u00a0\u00bbdefault\u00a0\u00bb global_colors_info=\u00a0\u00bb{}\u00a0\u00bb][et_pb_blurb title=\u00a0\u00bbMASA : du panafricanisme d&rsquo;action au nationalisme, mutation strat\u00e9gique ou renoncement id\u00e9ologique ?\u00a0\u00bb image=\u00a0\u00bbhttp:\/\/www.agglomed.com\/wp-content\/uploads\/2026\/04\/IMG_8249.png\u00a0\u00bb _builder_version=\u00a0\u00bb4.27.6&Prime; _module_preset=\u00a0\u00bbdefault\u00a0\u00bb header_text_color=\u00a0\u00bb#E09900&Prime; global_colors_info=\u00a0\u00bb{}\u00a0\u00bb]<\/p>\n<p>Le point sur cet \u00e9l\u00e9ment qui porte une grande histoire et une place centre dans le march\u00e9 du spectacle vivant en Afrique.<\/p>\n<p>[\/et_pb_blurb][et_pb_text _builder_version=\u00a0\u00bb4.27.6&Prime; _module_preset=\u00a0\u00bbdefault\u00a0\u00bb text_font=\u00a0\u00bb||on||||||\u00a0\u00bb global_colors_info=\u00a0\u00bb{}\u00a0\u00bb]En 2018, le March\u00e9 des Arts du Spectacle AFRICAIN devient le March\u00e9 des Arts du Spectacle d\u2019ABIDJAN. Derri\u00e8re ce glissement s\u00e9mantique, une question persiste : s\u2019agit-il d\u2019un repli ou d\u2019une reconfiguration strat\u00e9gique du projet culturel africain ?[\/et_pb_text][\/et_pb_column][\/et_pb_row][et_pb_row column_structure=\u00a0\u00bb1_3,2_3&Prime; _builder_version=\u00a0\u00bb4.27.6&Prime; _module_preset=\u00a0\u00bbdefault\u00a0\u00bb global_colors_info=\u00a0\u00bb{}\u00a0\u00bb][et_pb_column type=\u00a0\u00bb1_3&Prime; _builder_version=\u00a0\u00bb4.27.6&Prime; _module_preset=\u00a0\u00bbdefault\u00a0\u00bb global_colors_info=\u00a0\u00bb{}\u00a0\u00bb][et_pb_image src=\u00a0\u00bbhttp:\/\/www.agglomed.com\/wp-content\/uploads\/2026\/04\/Logo3.png\u00a0\u00bb title_text=\u00a0\u00bbLogo3&Prime; _builder_version=\u00a0\u00bb4.27.6&Prime; _module_preset=\u00a0\u00bbdefault\u00a0\u00bb global_colors_info=\u00a0\u00bb{}\u00a0\u00bb][\/et_pb_image][\/et_pb_column][et_pb_column type=\u00a0\u00bb2_3&Prime; _builder_version=\u00a0\u00bb4.27.6&Prime; _module_preset=\u00a0\u00bbdefault\u00a0\u00bb global_colors_info=\u00a0\u00bb{}\u00a0\u00bb][et_pb_text _builder_version=\u00a0\u00bb4.27.6&Prime; _module_preset=\u00a0\u00bbdefault\u00a0\u00bb global_colors_info=\u00a0\u00bb{}\u00a0\u00bb]<\/p>\n<p><strong>INTRODUCTION<\/strong><\/p>\n<p><strong><\/strong><\/p>\n<p><strong><\/strong><\/p>\n<p><strong>En 2018, le March\u00e9 des Arts du Spectacle Africain est devenu, par un glissement s\u00e9mantique de son acronyme, le March\u00e9 des Arts du Spectacle d\u2019Abidjan. Derri\u00e8re ce passage du continental au territorial, se joue un d\u00e9bat crucial : le panafricanisme culturel est-il en train de se fragmenter face aux r\u00e9alit\u00e9s des financements nationaux ?<\/strong><\/p>\n<p><strong>Le symbole face \u00e0 la g\u00e9ographie.<\/strong><\/p>\n<p>Depuis 1993, le MASA \u00e9tait le laboratoire d\u2019un r\u00eave : une plateforme sans fronti\u00e8res o\u00f9 le \u00ab A \u00bb d\u2019Afrique servait de banni\u00e8re commune. En substituant le nom de la m\u00e9tropole ivoirienne \u00e0 celui du continent, l&rsquo;institution a op\u00e9r\u00e9 une \u00ab\u00a0territorialisation\u00a0\u00bb qui ne manque pas d&rsquo;interroger.<br \/>Certes, le mod\u00e8le des grands rendez-vous mondiaux \u2014 comme Cannes ou Avignon \u2014 plaide pour un ancrage urbain fort. Mais pour un projet n\u00e9 de la volont\u00e9 de f\u00e9d\u00e9rer les imaginaires d&rsquo;un continent entier, ce changement peut \u00eatre per\u00e7u comme un repli. Si Abidjan finance d\u00e9sormais l\u2019essentiel de l\u2019effort, la question demeure : le prestige d\u2019une ville peut-il remplacer la puissance symbolique d\u2019une identit\u00e9 continentale ?<\/p>\n<p><strong>La r\u00e9alit\u00e9 \u00e9conomique : un pragmatisme \u00e0 double tranchant.<\/strong><\/p>\n<p>Il serait simpliste de n&rsquo;y voir qu&rsquo;une volont\u00e9 d&rsquo;exclusion. Cette \u00e9volution traduit surtout une phase de transition : l\u2019\u00c9tat ivoirien a pris ses responsabilit\u00e9s l\u00e0 o\u00f9 les partenaires internationaux se sont parfois d\u00e9sengag\u00e9s. Cette nationalisation des co\u00fbts a m\u00e9caniquement entra\u00een\u00e9 une nationalisation de l&rsquo;image.<br \/>Cependant, le danger est celui d&rsquo;un \u00ab provincialisme de luxe \u00bb. Le panafricanisme culturel ne peut \u00eatre la variable d&rsquo;ajustement des budgets. Si le MASA devient une vitrine locale, aussi prestigieuse soit-elle, il perd sa sp\u00e9cificit\u00e9 de \u00ab bien commun africain \u00bb. Le d\u00e9fi est donc de d\u00e9montrer qu&rsquo;ancrer l&rsquo;\u00e9v\u00e9nement \u00e0 Abidjan n&rsquo;est pas un renoncement, mais une mani\u00e8re de p\u00e9renniser l&rsquo;outil au service du continent.<\/p>\n<p><strong>L\u2019exigence de contenu : Penser Africain au-del\u00e0 du nom.<\/strong><\/p>\n<p>En r\u00e9alit\u00e9, la pol\u00e9mique sur le sigle cache une question structurelle : qui programme, qui d\u00e9cide et, surtout, qui en b\u00e9n\u00e9ficie ? Le panafricanisme ne se d\u00e9cr\u00e8te pas sur une affiche, il se mesure dans les flux :<br \/>L\u2019inclusion : Les artistes de la diaspora et des zones non-francophones sont-ils au c\u0153ur du projet ?<br \/>La structure : Le march\u00e9 offre-t-il des opportunit\u00e9s r\u00e9elles de circulation au-del\u00e0 de la C\u00f4te d&rsquo;Ivoire ?<br \/>Si le MASA continue de structurer les industries culturelles du continent avec \u00e9quit\u00e9, le changement de nom ne sera qu&rsquo;une strat\u00e9gie de marque. Dans le cas contraire, il s&rsquo;agira d&rsquo;une recentralisation regrettable.<\/p>\n<p><strong>La preuve par l&rsquo;action<\/strong><\/p>\n<p>Le MASA n\u2019a pas cess\u00e9 d\u2019\u00eatre africain parce qu\u2019il s&rsquo;appelle \u00ab d\u2019Abidjan \u00bb. Mais il a d\u00e9sormais l\u2019obligation de prouver, \u00e9dition apr\u00e8s \u00e9dition, qu\u2019il maintient son esprit de grandeur. Le succ\u00e8s ne se mesurera pas \u00e0 la capacit\u00e9 de renommer l&rsquo;\u00e9v\u00e9nement, mais \u00e0 celle de garder ouverte la grande porte du spectacle vivant sur le monde. Abidjan doit \u00eatre le port d&rsquo;attache, mais l&rsquo;Afrique doit rester l&rsquo;horizon.<\/p>\n<p>\u00c0 SUIVRE &#8230;<\/p>\n<p>&nbsp;<\/p>\n<p>[\/et_pb_text][\/et_pb_column][\/et_pb_row][\/et_pb_section][et_pb_section fb_built=\u00a0\u00bb1&Prime; _builder_version=\u00a0\u00bb4.27.6&Prime; _module_preset=\u00a0\u00bbdefault\u00a0\u00bb background_color=\u00a0\u00bb#dddddd\u00a0\u00bb global_colors_info=\u00a0\u00bb{}\u00a0\u00bb custom_padding=\u00a0\u00bb||2px|||\u00a0\u00bb][et_pb_row _builder_version=\u00a0\u00bb4.27.6&Prime; _module_preset=\u00a0\u00bbdefault\u00a0\u00bb global_colors_info=\u00a0\u00bb{}\u00a0\u00bb][et_pb_column type=\u00a0\u00bb4_4&Prime; _builder_version=\u00a0\u00bb4.27.6&Prime; _module_preset=\u00a0\u00bbdefault\u00a0\u00bb global_colors_info=\u00a0\u00bb{}\u00a0\u00bb][et_pb_text _builder_version=\u00a0\u00bb4.27.6&Prime; _module_preset=\u00a0\u00bbdefault\u00a0\u00bb text_font_size=\u00a0\u00bb21px\u00a0\u00bb hover_enabled=\u00a0\u00bb0&Prime; global_colors_info=\u00a0\u00bb{}\u00a0\u00bb text_text_color=\u00a0\u00bb#E09900&Prime; sticky_enabled=\u00a0\u00bb0&Prime;]Regard d&rsquo;artiste et analyste interculturel sur l&rsquo;\u00e9dition 2026[\/et_pb_text][et_pb_blurb title=\u00a0\u00bbLe suivi de l&rsquo;\u00e9dition 2026&Prime; image=\u00a0\u00bbhttp:\/\/www.agglomed.com\/wp-content\/uploads\/2026\/04\/IMG_8575.png\u00a0\u00bb _builder_version=\u00a0\u00bb4.27.6&Prime; _module_preset=\u00a0\u00bbdefault\u00a0\u00bb hover_enabled=\u00a0\u00bb0&Prime; sticky_enabled=\u00a0\u00bb0&Prime; title_text=\u00a0\u00bbIMG_8575&Prime;]Nous proposons ici, dans les tous prochains jours, une analyse froide des grandes ligne des signaux per\u00e7us suivant nos morceaux choisis de cette 14 \u00e8me \u00e9dition du MASA.[\/et_pb_blurb][\/et_pb_column][\/et_pb_row][et_pb_row column_structure=\u00a0\u00bb1_5,1_5,1_5,1_5,1_5&Prime; _builder_version=\u00a0\u00bb4.27.6&Prime; _module_preset=\u00a0\u00bbdefault\u00a0\u00bb global_colors_info=\u00a0\u00bb{}\u00a0\u00bb][et_pb_column type=\u00a0\u00bb1_5&Prime; _builder_version=\u00a0\u00bb4.27.6&Prime; _module_preset=\u00a0\u00bbdefault\u00a0\u00bb global_colors_info=\u00a0\u00bb{}\u00a0\u00bb][et_pb_image src=\u00a0\u00bbhttp:\/\/www.agglomed.com\/wp-content\/uploads\/2026\/04\/Akwaba-Masa-26.png\u00a0\u00bb title_text=\u00a0\u00bbAkwaba-Masa-26&Prime; _builder_version=\u00a0\u00bb4.27.6&Prime; _module_preset=\u00a0\u00bbdefault\u00a0\u00bb global_colors_info=\u00a0\u00bb{}\u00a0\u00bb][\/et_pb_image][et_pb_text _builder_version=\u00a0\u00bb4.27.6&Prime; _module_preset=\u00a0\u00bbdefault\u00a0\u00bb global_colors_info=\u00a0\u00bb{}\u00a0\u00bb]un[\/et_pb_text][et_pb_button button_text=\u00a0\u00bbVoir-Lire\u00a0\u00bb button_alignment=\u00a0\u00bbcenter\u00a0\u00bb _builder_version=\u00a0\u00bb4.27.6&Prime; _module_preset=\u00a0\u00bbdefault\u00a0\u00bb custom_button=\u00a0\u00bbon\u00a0\u00bb button_text_color=\u00a0\u00bb#FFFFFF\u00a0\u00bb button_bg_color=\u00a0\u00bb#660034&Prime; button_border_radius=\u00a0\u00bb16px\u00a0\u00bb button_icon=\u00a0\u00bb&#x31;||divi||400&Prime; global_colors_info=\u00a0\u00bb{}\u00a0\u00bb][\/et_pb_button][\/et_pb_column][et_pb_column type=\u00a0\u00bb1_5&Prime; _builder_version=\u00a0\u00bb4.27.6&Prime; _module_preset=\u00a0\u00bbdefault\u00a0\u00bb global_colors_info=\u00a0\u00bb{}\u00a0\u00bb][et_pb_image src=\u00a0\u00bbhttp:\/\/www.agglomed.com\/wp-content\/uploads\/2026\/04\/IMG_8291.png\u00a0\u00bb title_text=\u00a0\u00bbIMG_8291&Prime; _builder_version=\u00a0\u00bb4.27.6&Prime; _module_preset=\u00a0\u00bbdefault\u00a0\u00bb global_colors_info=\u00a0\u00bb{}\u00a0\u00bb][\/et_pb_image][et_pb_text _builder_version=\u00a0\u00bb4.27.6&Prime; _module_preset=\u00a0\u00bbdefault\u00a0\u00bb global_colors_info=\u00a0\u00bb{}\u00a0\u00bb]deux[\/et_pb_text][et_pb_button button_text=\u00a0\u00bbVoir-Lire\u00a0\u00bb button_alignment=\u00a0\u00bbcenter\u00a0\u00bb _builder_version=\u00a0\u00bb4.27.6&Prime; _module_preset=\u00a0\u00bbdefault\u00a0\u00bb custom_button=\u00a0\u00bbon\u00a0\u00bb button_text_color=\u00a0\u00bb#FFFFFF\u00a0\u00bb button_bg_color=\u00a0\u00bb#660034&Prime; button_border_radius=\u00a0\u00bb16px\u00a0\u00bb button_icon=\u00a0\u00bb&#x31;||divi||400&Prime; global_colors_info=\u00a0\u00bb{}\u00a0\u00bb][\/et_pb_button][\/et_pb_column][et_pb_column type=\u00a0\u00bb1_5&Prime; _builder_version=\u00a0\u00bb4.27.6&Prime; _module_preset=\u00a0\u00bbdefault\u00a0\u00bb global_colors_info=\u00a0\u00bb{}\u00a0\u00bb][et_pb_image src=\u00a0\u00bbhttp:\/\/www.agglomed.com\/wp-content\/uploads\/2026\/04\/IMG_8321.png\u00a0\u00bb title_text=\u00a0\u00bbIMG_8321&Prime; _builder_version=\u00a0\u00bb4.27.6&Prime; _module_preset=\u00a0\u00bbdefault\u00a0\u00bb global_colors_info=\u00a0\u00bb{}\u00a0\u00bb][\/et_pb_image][et_pb_text _builder_version=\u00a0\u00bb4.27.6&Prime; _module_preset=\u00a0\u00bbdefault\u00a0\u00bb global_colors_info=\u00a0\u00bb{}\u00a0\u00bb]trois[\/et_pb_text][et_pb_button button_text=\u00a0\u00bbVoir-Lire\u00a0\u00bb button_alignment=\u00a0\u00bbcenter\u00a0\u00bb _builder_version=\u00a0\u00bb4.27.6&Prime; _module_preset=\u00a0\u00bbdefault\u00a0\u00bb custom_button=\u00a0\u00bbon\u00a0\u00bb button_text_color=\u00a0\u00bb#FFFFFF\u00a0\u00bb button_bg_color=\u00a0\u00bb#660034&Prime; button_border_radius=\u00a0\u00bb16px\u00a0\u00bb button_icon=\u00a0\u00bb&#x31;||divi||400&Prime; global_colors_info=\u00a0\u00bb{}\u00a0\u00bb][\/et_pb_button][\/et_pb_column][et_pb_column type=\u00a0\u00bb1_5&Prime; _builder_version=\u00a0\u00bb4.27.6&Prime; _module_preset=\u00a0\u00bbdefault\u00a0\u00bb global_colors_info=\u00a0\u00bb{}\u00a0\u00bb][et_pb_image src=\u00a0\u00bbhttp:\/\/www.agglomed.com\/wp-content\/uploads\/2026\/04\/IMG_8387.png\u00a0\u00bb title_text=\u00a0\u00bbIMG_8387&Prime; _builder_version=\u00a0\u00bb4.27.6&Prime; _module_preset=\u00a0\u00bbdefault\u00a0\u00bb global_colors_info=\u00a0\u00bb{}\u00a0\u00bb][\/et_pb_image][et_pb_text _builder_version=\u00a0\u00bb4.27.6&Prime; _module_preset=\u00a0\u00bbdefault\u00a0\u00bb global_colors_info=\u00a0\u00bb{}\u00a0\u00bb]quatre[\/et_pb_text][et_pb_button button_text=\u00a0\u00bbVoir-Lire\u00a0\u00bb button_alignment=\u00a0\u00bbcenter\u00a0\u00bb _builder_version=\u00a0\u00bb4.27.6&Prime; _module_preset=\u00a0\u00bbdefault\u00a0\u00bb custom_button=\u00a0\u00bbon\u00a0\u00bb button_text_color=\u00a0\u00bb#FFFFFF\u00a0\u00bb button_bg_color=\u00a0\u00bb#660034&Prime; button_border_radius=\u00a0\u00bb16px\u00a0\u00bb button_icon=\u00a0\u00bb&#x31;||divi||400&Prime; global_colors_info=\u00a0\u00bb{}\u00a0\u00bb][\/et_pb_button][\/et_pb_column][et_pb_column type=\u00a0\u00bb1_5&Prime; _builder_version=\u00a0\u00bb4.27.6&Prime; _module_preset=\u00a0\u00bbdefault\u00a0\u00bb global_colors_info=\u00a0\u00bb{}\u00a0\u00bb][et_pb_image src=\u00a0\u00bbhttp:\/\/www.agglomed.com\/wp-content\/uploads\/2026\/04\/IMG_8561.png\u00a0\u00bb title_text=\u00a0\u00bbIMG_8561&Prime; _builder_version=\u00a0\u00bb4.27.6&Prime; _module_preset=\u00a0\u00bbdefault\u00a0\u00bb global_colors_info=\u00a0\u00bb{}\u00a0\u00bb][\/et_pb_image][et_pb_text _builder_version=\u00a0\u00bb4.27.6&Prime; _module_preset=\u00a0\u00bbdefault\u00a0\u00bb global_colors_info=\u00a0\u00bb{}\u00a0\u00bb]cinq[\/et_pb_text][et_pb_button button_text=\u00a0\u00bbVoir-Lire\u00a0\u00bb button_alignment=\u00a0\u00bbcenter\u00a0\u00bb _builder_version=\u00a0\u00bb4.27.6&Prime; _module_preset=\u00a0\u00bbdefault\u00a0\u00bb custom_button=\u00a0\u00bbon\u00a0\u00bb button_text_color=\u00a0\u00bb#FFFFFF\u00a0\u00bb button_bg_color=\u00a0\u00bb#660034&Prime; button_border_radius=\u00a0\u00bb16px\u00a0\u00bb button_icon=\u00a0\u00bb&#x31;||divi||400&Prime; global_colors_info=\u00a0\u00bb{}\u00a0\u00bb][\/et_pb_button][\/et_pb_column][\/et_pb_row][\/et_pb_section][et_pb_section fb_built=\u00a0\u00bb1&Prime; _builder_version=\u00a0\u00bb4.27.6&Prime; _module_preset=\u00a0\u00bbdefault\u00a0\u00bb background_color=\u00a0\u00bb#a3a3a3&Prime; global_colors_info=\u00a0\u00bb{}\u00a0\u00bb][et_pb_row column_structure=\u00a0\u00bb1_3,1_3,1_3&Prime; _builder_version=\u00a0\u00bb4.27.6&Prime; _module_preset=\u00a0\u00bbdefault\u00a0\u00bb global_colors_info=\u00a0\u00bb{}\u00a0\u00bb][et_pb_column type=\u00a0\u00bb1_3&Prime; _builder_version=\u00a0\u00bb4.27.6&Prime; _module_preset=\u00a0\u00bbdefault\u00a0\u00bb global_colors_info=\u00a0\u00bb{}\u00a0\u00bb][et_pb_text _builder_version=\u00a0\u00bb4.27.6&Prime; _module_preset=\u00a0\u00bbdefault\u00a0\u00bb global_colors_info=\u00a0\u00bb{}\u00a0\u00bb]Le plus[\/et_pb_text][et_pb_text _builder_version=\u00a0\u00bb4.27.6&Prime; _module_preset=\u00a0\u00bbdefault\u00a0\u00bb global_colors_info=\u00a0\u00bb{}\u00a0\u00bb]La grande implication de la jeunesse ivoirienne[\/et_pb_text][\/et_pb_column][et_pb_column type=\u00a0\u00bb1_3&Prime; _builder_version=\u00a0\u00bb4.27.6&Prime; _module_preset=\u00a0\u00bbdefault\u00a0\u00bb global_colors_info=\u00a0\u00bb{}\u00a0\u00bb][et_pb_text _builder_version=\u00a0\u00bb4.27.6&Prime; _module_preset=\u00a0\u00bbdefault\u00a0\u00bb global_colors_info=\u00a0\u00bb{}\u00a0\u00bb]Le moins[\/et_pb_text][et_pb_text _builder_version=\u00a0\u00bb4.27.6&Prime; _module_preset=\u00a0\u00bbdefault\u00a0\u00bb global_colors_info=\u00a0\u00bb{}\u00a0\u00bb]L\u00b4abscence du th\u00e9\u00e2tre camerounais et congolais[\/et_pb_text][\/et_pb_column][et_pb_column type=\u00a0\u00bb1_3&Prime; _builder_version=\u00a0\u00bb4.27.6&Prime; _module_preset=\u00a0\u00bbdefault\u00a0\u00bb global_colors_info=\u00a0\u00bb{}\u00a0\u00bb][et_pb_text _builder_version=\u00a0\u00bb4.27.6&Prime; _module_preset=\u00a0\u00bbdefault\u00a0\u00bb global_colors_info=\u00a0\u00bb{}\u00a0\u00bb]Le radar[\/et_pb_text][et_pb_text _builder_version=\u00a0\u00bb4.27.6&Prime; _module_preset=\u00a0\u00bbdefault\u00a0\u00bb global_colors_info=\u00a0\u00bb{}\u00a0\u00bb]Le sentiment d&rsquo;exclusion panafricain&#8230;[\/et_pb_text][\/et_pb_column][\/et_pb_row][\/et_pb_section][et_pb_section fb_built=\u00a0\u00bb1&Prime; _builder_version=\u00a0\u00bb4.27.6&Prime; _module_preset=\u00a0\u00bbdefault\u00a0\u00bb global_colors_info=\u00a0\u00bb{}\u00a0\u00bb][et_pb_row _builder_version=\u00a0\u00bb4.27.6&Prime; _module_preset=\u00a0\u00bbdefault\u00a0\u00bb global_colors_info=\u00a0\u00bb{}\u00a0\u00bb][et_pb_column type=\u00a0\u00bb4_4&Prime; _builder_version=\u00a0\u00bb4.27.6&Prime; _module_preset=\u00a0\u00bbdefault\u00a0\u00bb global_colors_info=\u00a0\u00bb{}\u00a0\u00bb][et_pb_text _builder_version=\u00a0\u00bb4.27.6&Prime; _module_preset=\u00a0\u00bbdefault\u00a0\u00bb text_font_size=\u00a0\u00bb21px\u00a0\u00bb global_colors_info=\u00a0\u00bb{}\u00a0\u00bb]Le point focal : Le Palais de la Culture \u00e0 Treichville[\/et_pb_text][\/et_pb_column][\/et_pb_row][et_pb_row column_structure=\u00a0\u00bb1_4,1_4,1_4,1_4&Prime; _builder_version=\u00a0\u00bb4.27.6&Prime; _module_preset=\u00a0\u00bbdefault\u00a0\u00bb global_colors_info=\u00a0\u00bb{}\u00a0\u00bb][et_pb_column type=\u00a0\u00bb1_4&Prime; _builder_version=\u00a0\u00bb4.27.6&Prime; _module_preset=\u00a0\u00bbdefault\u00a0\u00bb global_colors_info=\u00a0\u00bb{}\u00a0\u00bb][et_pb_image src=\u00a0\u00bbhttp:\/\/www.agglomed.com\/wp-content\/uploads\/2026\/04\/Capture-decran-2026-04-14-a-13.12.25-scaled.png\u00a0\u00bb title_text=\u00a0\u00bbCapture d\u2019\u00e9cran 2026-04-14 \u00e0 13.12.25&Prime; _builder_version=\u00a0\u00bb4.27.6&Prime; _module_preset=\u00a0\u00bbdefault\u00a0\u00bb global_colors_info=\u00a0\u00bb{}\u00a0\u00bb][\/et_pb_image][\/et_pb_column][et_pb_column type=\u00a0\u00bb1_4&Prime; _builder_version=\u00a0\u00bb4.27.6&Prime; _module_preset=\u00a0\u00bbdefault\u00a0\u00bb global_colors_info=\u00a0\u00bb{}\u00a0\u00bb][\/et_pb_column][et_pb_column type=\u00a0\u00bb1_4&Prime; _builder_version=\u00a0\u00bb4.27.6&Prime; _module_preset=\u00a0\u00bbdefault\u00a0\u00bb global_colors_info=\u00a0\u00bb{}\u00a0\u00bb][\/et_pb_column][et_pb_column type=\u00a0\u00bb1_4&Prime; _builder_version=\u00a0\u00bb4.27.6&Prime; _module_preset=\u00a0\u00bbdefault\u00a0\u00bb global_colors_info=\u00a0\u00bb{}\u00a0\u00bb][\/et_pb_column][\/et_pb_row][\/et_pb_section][et_pb_section fb_built=\u00a0\u00bb1&Prime; theme_builder_area=\u00a0\u00bbpost_content\u00a0\u00bb _builder_version=\u00a0\u00bb4.27.6&Prime; _module_preset=\u00a0\u00bbdefault\u00a0\u00bb][et_pb_row _builder_version=\u00a0\u00bb4.27.6&Prime; _module_preset=\u00a0\u00bbdefault\u00a0\u00bb theme_builder_area=\u00a0\u00bbpost_content\u00a0\u00bb][et_pb_column _builder_version=\u00a0\u00bb4.27.6&Prime; _module_preset=\u00a0\u00bbdefault\u00a0\u00bb type=\u00a0\u00bb4_4&Prime; theme_builder_area=\u00a0\u00bbpost_content\u00a0\u00bb][et_pb_button button_text=\u00a0\u00bbRetour \u00e0 l\u00b4acueuil\u00a0\u00bb _builder_version=\u00a0\u00bb4.27.6&Prime; _module_preset=\u00a0\u00bbdefault\u00a0\u00bb theme_builder_area=\u00a0\u00bbpost_content\u00a0\u00bb custom_button=\u00a0\u00bbon\u00a0\u00bb button_text_color=\u00a0\u00bb#FFFFFF\u00a0\u00bb button_bg_color=\u00a0\u00bb#E09900&Prime; button_bg_enable_color=\u00a0\u00bbon\u00a0\u00bb button_border_color=\u00a0\u00bb#FFFFFF\u00a0\u00bb button_border_radius=\u00a0\u00bb13px\u00a0\u00bb button_alignment=\u00a0\u00bbcenter\u00a0\u00bb button_icon_color=\u00a0\u00bb#FFFFFF\u00a0\u00bb hover_enabled=\u00a0\u00bb0&Prime; sticky_enabled=\u00a0\u00bb0&Prime; button_url=\u00a0\u00bbhttps:\/\/www.agglomed.com\u00a0\u00bb][\/et_pb_button][\/et_pb_column][\/et_pb_row][\/et_pb_section]<\/p>\n","protected":false},"excerpt":{"rendered":"<p>MASA 2026 Le march\u00e9 o\u00f9 se d\u00e9cide la sc\u00e8ne africaineMASA 2026 : Le D\u00e9brief, autrement.Du 11 au 18 avril 2026, Abidjan se transforme en une onde de choc artistique-culturelle. Pendant huit jours, le MASA 2026 transforme la capitale ivoirienne en l\u2019\u00e9picentre des arts du Spectacle vivants. Plus de 800 artistes, 500 professionnels et des cohortes [&hellip;]<\/p>\n","protected":false},"author":1,"featured_media":0,"parent":0,"menu_order":0,"comment_status":"closed","ping_status":"closed","template":"","meta":{"_et_pb_use_builder":"on","_et_pb_old_content":"","_et_gb_content_width":"","footnotes":""},"class_list":["post-2438","page","type-page","status-publish","hentry"],"_links":{"self":[{"href":"https:\/\/www.agglomed.com\/index.php?rest_route=\/wp\/v2\/pages\/2438","targetHints":{"allow":["GET"]}}],"collection":[{"href":"https:\/\/www.agglomed.com\/index.php?rest_route=\/wp\/v2\/pages"}],"about":[{"href":"https:\/\/www.agglomed.com\/index.php?rest_route=\/wp\/v2\/types\/page"}],"author":[{"embeddable":true,"href":"https:\/\/www.agglomed.com\/index.php?rest_route=\/wp\/v2\/users\/1"}],"replies":[{"embeddable":true,"href":"https:\/\/www.agglomed.com\/index.php?rest_route=%2Fwp%2Fv2%2Fcomments&post=2438"}],"version-history":[{"count":21,"href":"https:\/\/www.agglomed.com\/index.php?rest_route=\/wp\/v2\/pages\/2438\/revisions"}],"predecessor-version":[{"id":2518,"href":"https:\/\/www.agglomed.com\/index.php?rest_route=\/wp\/v2\/pages\/2438\/revisions\/2518"}],"wp:attachment":[{"href":"https:\/\/www.agglomed.com\/index.php?rest_route=%2Fwp%2Fv2%2Fmedia&parent=2438"}],"curies":[{"name":"wp","href":"https:\/\/api.w.org\/{rel}","templated":true}]}}